{"id":5132,"date":"2025-09-01T12:52:47","date_gmt":"2025-09-01T12:52:47","guid":{"rendered":"https:\/\/1k9xnbqiht.preview.infomaniak.website\/?page_id=5132"},"modified":"2026-03-18T09:02:04","modified_gmt":"2026-03-18T09:02:04","slug":"suche-nach-notizen","status":"publish","type":"page","link":"https:\/\/www.polytropic.com\/de\/recherche-notices\/","title":{"rendered":"RECHERCHE NOTICES"},"content":{"rendered":"<div data-elementor-type=\"wp-page\" data-elementor-id=\"5132\" class=\"elementor elementor-5132\" data-elementor-post-type=\"page\">\n\t\t\t\t<div data-particle_enable=\"false\" data-particle-mobile-disabled=\"false\" class=\"elementor-element elementor-element-2194bb8 e-flex e-con-boxed e-con e-parent\" data-id=\"2194bb8\" data-element_type=\"container\" data-e-type=\"container\" data-settings=\"{&quot;background_background&quot;:&quot;classic&quot;}\">\n\t\t\t\t\t<div class=\"e-con-inner\">\n\t\t<div data-particle_enable=\"false\" data-particle-mobile-disabled=\"false\" class=\"elementor-element elementor-element-aeac238 e-con-full e-flex e-con e-child\" data-id=\"aeac238\" data-element_type=\"container\" data-e-type=\"container\">\n\t\t\t\t<div class=\"elementor-element elementor-element-119e6e7 elementor-widget elementor-widget-html\" data-id=\"119e6e7\" data-element_type=\"widget\" data-e-type=\"widget\" data-widget_type=\"html.default\">\n\t\t\t\t<div class=\"elementor-widget-container\">\n\t\t\t\t\t<!--<script>\ndocument.addEventListener('DOMContentLoaded', function () {\n\n  function disableSearchButton() {\n    const buttons = document.querySelectorAll('.e-search-submit');\n\n    buttons.forEach(function(button) {\n\n      \/\/ Emp\u00eache le comportement par d\u00e9faut\n      button.addEventListener('click', function(e) {\n        e.preventDefault();\n        e.stopPropagation();\n        e.stopImmediatePropagation();\n        return false;\n      }, true);\n\n      \/\/ Optionnel : enl\u00e8ve le type submit si pr\u00e9sent\n      if (button.getAttribute('type') === 'submit') {\n        button.setAttribute('type', 'button');\n      }\n\n    });\n  }\n\n  disableSearchButton();\n\n});\n<\/script>-->\n\n<script>\ndocument.addEventListener('DOMContentLoaded', function () {\n\n  function disableSearchButton() {\n    const buttons = document.querySelectorAll('.e-search-submit');\n\n    buttons.forEach(function(button) {\n\n      \/\/ Emp\u00eache le clic\n      button.addEventListener('click', function(e) {\n        e.preventDefault();\n        e.stopPropagation();\n        e.stopImmediatePropagation();\n        return false;\n      }, true);\n\n      \/\/ Remplace submit \u2192 button\n      if (button.getAttribute('type') === 'submit') {\n        button.setAttribute('type', 'button');\n      }\n\n    });\n  }\n\n  function disableEnterKey() {\n    const inputs = document.querySelectorAll('.custom_search_bar');\n\n    inputs.forEach(function(input) {\n\n      \/\/ Bloque la touche Entr\u00e9e\n      input.addEventListener('keydown', function(e) {\n        if (e.key === 'Enter') {\n          e.preventDefault();\n          e.stopPropagation();\n          return false;\n        }\n      });\n\n      \/\/ Bloque le submit du form parent\n      const form = input.closest('form');\n      if (form) {\n        form.addEventListener('submit', function(e) {\n          e.preventDefault();\n          e.stopPropagation();\n          e.stopImmediatePropagation();\n          return false;\n        });\n      }\n\n    });\n  }\n\n  disableSearchButton();\n  disableEnterKey();\n\n});\n<\/script>\n\t\t\t\t<\/div>\n\t\t\t\t<\/div>\n\t\t\t\t<div class=\"elementor-element elementor-element-a4f9da3 elementor-widget__width-inherit elementor-widget elementor-widget-heading\" data-id=\"a4f9da3\" data-element_type=\"widget\" data-e-type=\"widget\" data-settings=\"{&quot;_animation&quot;:&quot;none&quot;}\" data-widget_type=\"heading.default\">\n\t\t\t\t<div class=\"elementor-widget-container\">\n\t\t\t\t\t<h2 class=\"elementor-heading-title elementor-size-default\">Bitte finden Sie Ihre Betriebsanleitung<\/h2>\t\t\t\t<\/div>\n\t\t\t\t<\/div>\n\t\t\t\t<div class=\"elementor-element elementor-element-ecbfc11 custom_search_bar elementor-widget__width-initial elementor-widget elementor-widget-search\" data-id=\"ecbfc11\" data-element_type=\"widget\" data-e-type=\"widget\" data-settings=\"{&quot;submit_trigger&quot;:&quot;both&quot;,&quot;pagination_type_options&quot;:&quot;none&quot;}\" data-widget_type=\"search.default\">\n\t\t\t\t<div class=\"elementor-widget-container\">\n\t\t\t\t\t\t\t<search class=\"e-search hidden\" role=\"search\">\n\t\t\t<form class=\"e-search-form\" action=\"https:\/\/www.polytropic.com\/de\/\" method=\"get\" data-trp-original-action=\"https:\/\/www.polytropic.com\/de\">\n\n\t\t\t\t\n\t\t\t\t<label class=\"e-search-label\" for=\"search-ecbfc11\">\n\t\t\t\t\t<span class=\"elementor-screen-only\">\n\t\t\t\t\t\tSuche\t\t\t\t\t<\/span>\n\t\t\t\t\t\t\t\t\t<\/label>\n\n\t\t\t\t<div class=\"e-search-input-wrapper\">\n\t\t\t\t\t<input id=\"search-ecbfc11\" placeholder=\"Geben Sie Ihre Seriennr. ein\" class=\"e-search-input\" type=\"search\" name=\"s\" value=\"\" autocomplete=\"off\" role=\"combobox\" aria-autocomplete=\"list\" aria-expanded=\"false\" aria-controls=\"results-ecbfc11\" aria-haspopup=\"listbox\">\n\t\t\t\t\t<svg aria-hidden=\"true\" class=\"e-font-icon-svg e-fas-times\" viewbox=\"0 0 352 512\" xmlns=\"http:\/\/www.w3.org\/2000\/svg\"><path d=\"M242.72 256l100.07-100.07c12.28-12.28 12.28-32.19 0-44.48l-22.24-22.24c-12.28-12.28-32.19-12.28-44.48 0L176 189.28 75.93 89.21c-12.28-12.28-32.19-12.28-44.48 0L9.21 111.45c-12.28 12.28-12.28 32.19 0 44.48L109.28 256 9.21 356.07c-12.28 12.28-12.28 32.19 0 44.48l22.24 22.24c12.28 12.28 32.2 12.28 44.48 0L176 322.72l100.07 100.07c12.28 12.28 32.2 12.28 44.48 0l22.24-22.24c12.28-12.28 12.28-32.19 0-44.48L242.72 256z\"><\/path><\/svg>\t\t\t\t\t\t\t\t\t\t<output id=\"results-ecbfc11\" class=\"e-search-results-container hide-loader\" aria-live=\"polite\" aria-atomic=\"true\" aria-label=\"Ergebnisse f\u00fcr Suche\" tabindex=\"0\">\n\t\t\t\t\t\t<div class=\"e-search-results\"><\/div>\n\t\t\t\t\t\t\t\t\t\t\t<\/output>\n\t\t\t\t\t\t\t\t\t<\/div>\n\t\t\t\t\n\t\t\t\t\n\t\t\t\t<button class=\"e-search-submit\" type=\"submit\" aria-label=\"Suche\">\n\t\t\t\t\t<svg xmlns=\"http:\/\/www.w3.org\/2000\/svg\" width=\"36\" height=\"36\" viewbox=\"0 0 36 36\" fill=\"none\"><g clip-path=\"url(#clip0_800_1498)\"><path d=\"M36 34.2715L24.7655 22.8948C26.6741 20.4749 27.8224 17.4265 27.8224 14.0952C27.8224 6.31689 21.5845 0 13.919 0C6.25345 0 0 6.31689 0 14.0952C0 21.8734 6.23793 28.1903 13.919 28.1903C17.4259 28.1903 20.6379 26.8546 23.1052 24.6704L34.2931 36L36 34.2715ZM13.919 25.7233C7.58793 25.7233 2.42069 20.5063 2.42069 14.0794C2.42069 7.65255 7.57241 2.45133 13.919 2.45133C20.2655 2.45133 25.4172 7.66827 25.4172 14.0952C25.4172 20.522 20.2655 25.739 13.919 25.739V25.7233Z\" fill=\"#0A74BA\"><\/path><\/g><defs><clippath id=\"clip0_800_1498\"><rect width=\"36\" height=\"36\" fill=\"white\"><\/rect><\/clippath><\/defs><\/svg>\n\t\t\t\t\t\t\t\t\t<\/button>\n\t\t\t\t<input type=\"hidden\" name=\"e_search_props\" value=\"ecbfc11-5132\">\n\t\t\t<input type=\"hidden\" name=\"trp-form-language\" value=\"de\"\/><\/form>\n\t\t<\/search>\n\t\t\t\t\t\t<\/div>\n\t\t\t\t<\/div>\n\t\t<div data-particle_enable=\"false\" data-particle-mobile-disabled=\"false\" class=\"elementor-element elementor-element-6608b28 e-con-full e-flex e-con e-child\" data-id=\"6608b28\" data-element_type=\"container\" data-e-type=\"container\">\n\t\t\t\t<div class=\"elementor-element elementor-element-7994d6b elementor-widget elementor-widget-html\" data-id=\"7994d6b\" data-element_type=\"widget\" data-e-type=\"widget\" data-widget_type=\"html.default\">\n\t\t\t\t<div class=\"elementor-widget-container\">\n\t\t\t\t\t<div id=\"live-search-results\"><\/div>\n<style>\n\/* Conteneur principal des r\u00e9sultats *\/\n#live-search-results {\n    width: 100%;\n    max-width: 800px;\n    margin: 20px auto;\n    padding: 0 15px; \/* Espacement sur mobile *\/\n}\n\n\/* Liste des r\u00e9sultats *\/\n#live-search-results ul {\n    margin: 0;\n    padding: 0;\n    list-style: none;\n}\n\n\/* \u00c9l\u00e9ment de r\u00e9sultat individuel *\/\n.search-result {\n    width: 100%;\n    padding: 10px 0;\n    list-style-type: none;\n}\n\n\/* Conteneur cliquable du r\u00e9sultat *\/\n.result-item {\n    display: flex;\n    align-items: center;\n    background-color: white;\n    border-radius: 15px;\n    padding: 15px;\n    cursor: pointer;\n    transition: transform 0.2s, box-shadow 0.2s;\n}\n\n.result-item:hover {\n    transform: translateY(-2px);\n    box-shadow: 0 4px 12px rgba(0, 0, 0, 0.1);\n}\n\n\/* Image du r\u00e9sultat *\/\n.result-image {\n    flex-shrink: 0;\n    margin-right: 15px;\n}\n\n.result-image img {\n    width: 100px;\n    height: auto;\n    border-radius: 8px;\n    display: block;\n    object-fit: cover;\n}\n\n\/* Informations du r\u00e9sultat *\/\n.result-info {\n    flex-grow: 1;\n    display: flex;\n    align-items: center;\n}\n\n.result-info h3 {\n    margin: 0;\n    font-size: 16px;\n    font-weight: bold;\n    color: #333;\n}\n\n.result-info p {\n    margin: 0;\n    font-size: 14px;\n    color: #74797D !important;\n    text-align: left !important;\n}\n\n\/* Message g\u00e9n\u00e9ral (si vide ou loading) *\/\n#live-search-results > p {\n    color: white;\n    text-align: center;\n    margin: 20px 0;\n}\n\n\/* Responsive pour mobile *\/\n@media (max-width: 600px) {\n    .result-image img {\n        width: 80px;\n    }\n    \n    .result-item {\n        padding: 12px;\n    }\n    \n    .result-info p {\n        font-size: 13px;\n    }\n}\n<\/style>\t\t\t\t<\/div>\n\t\t\t\t<\/div>\n\t\t\t\t<\/div>\n\t\t\t\t<\/div>\n\t\t<div data-particle_enable=\"false\" data-particle-mobile-disabled=\"false\" class=\"elementor-element elementor-element-32ddd9d e-con-full e-flex e-con e-child\" data-id=\"32ddd9d\" data-element_type=\"container\" data-e-type=\"container\">\n\t\t\t\t<div class=\"elementor-element elementor-element-7164002 elementor-widget elementor-widget-text-editor\" data-id=\"7164002\" data-element_type=\"widget\" data-e-type=\"widget\" data-widget_type=\"text-editor.default\">\n\t\t\t\t<div class=\"elementor-widget-container\">\n\t\t\t\t\t\t\t\t\t<p>Wo finde ich die Seriennummer meiner W\u00e4rmepumpe?<\/p>\t\t\t\t\t\t\t\t<\/div>\n\t\t\t\t<\/div>\n\t\t\t\t<div class=\"elementor-element elementor-element-8cfaaeb elementor-widget elementor-widget-text-editor\" data-id=\"8cfaaeb\" data-element_type=\"widget\" data-e-type=\"widget\" data-widget_type=\"text-editor.default\">\n\t\t\t\t<div class=\"elementor-widget-container\">\n\t\t\t\t\t\t\t\t\t<p class=\"translation-block\">Die Seriennummer befindet sich auf der R\u00fcckseite Ihres Ger\u00e4ts, unter dem Strichcode auf dem Typenschild.<\/p>\t\t\t\t\t\t\t\t<\/div>\n\t\t\t\t<\/div>\n\t\t\t\t<div class=\"elementor-element elementor-element-ed9066d elementor-widget elementor-widget-image\" data-id=\"ed9066d\" data-element_type=\"widget\" data-e-type=\"widget\" data-widget_type=\"image.default\">\n\t\t\t\t<div class=\"elementor-widget-container\">\n\t\t\t\t\t\t\t\t\t\t\t\t\t\t\t<img decoding=\"async\" width=\"160\" height=\"160\" src=\"https:\/\/www.polytropic.com\/wp-content\/uploads\/2025\/09\/Ellipse-51.jpg\" class=\"attachment-large size-large wp-image-7198\" alt=\"\" srcset=\"https:\/\/www.polytropic.com\/wp-content\/uploads\/2025\/09\/Ellipse-51.jpg 160w, https:\/\/www.polytropic.com\/wp-content\/uploads\/2025\/09\/Ellipse-51-150x150.jpg 150w, https:\/\/www.polytropic.com\/wp-content\/uploads\/2025\/09\/Ellipse-51-12x12.jpg 12w\" sizes=\"(max-width: 160px) 100vw, 160px\" \/>\t\t\t\t\t\t\t\t\t\t\t\t\t\t\t<\/div>\n\t\t\t\t<\/div>\n\t\t\t\t<\/div>\n\t\t\t\t\t<\/div>\n\t\t\t\t<\/div>\n\t\t\t\t<\/div>","protected":false},"excerpt":{"rendered":"<p>Trouvez votre notice technique Rechercher O\u00f9 trouver le num\u00e9ro de s\u00e9rie de ma pompe \u00e0 chaleur ? Le num\u00e9ro de s\u00e9rie se trouve \u00e0 l\u2019arri\u00e8re de votre machine, sur la plaque signal\u00e9tique, sous le code barre.<\/p>","protected":false},"author":1,"featured_media":0,"parent":0,"menu_order":0,"comment_status":"closed","ping_status":"closed","template":"","meta":{"_acf_changed":false,"footnotes":""},"class_list":["post-5132","page","type-page","status-publish","hentry"],"acf":[],"yoast_head":"<!-- This site is optimized with the Yoast SEO plugin v27.3 - https:\/\/yoast.com\/product\/yoast-seo-wordpress\/ -->\n<title>RECHERCHE NOTICES - POLYTROPIC<\/title>\n<meta name=\"robots\" content=\"index, follow, max-snippet:-1, max-image-preview:large, max-video-preview:-1\" \/>\n<link rel=\"canonical\" href=\"https:\/\/www.polytropic.com\/de\/suche-nach-notizen\/\" \/>\n<meta property=\"og:locale\" content=\"de_DE\" \/>\n<meta property=\"og:type\" content=\"article\" \/>\n<meta property=\"og:title\" content=\"RECHERCHE NOTICES - POLYTROPIC\" \/>\n<meta property=\"og:description\" content=\"Trouvez votre notice technique Rechercher O\u00f9 trouver le num\u00e9ro de s\u00e9rie de ma pompe \u00e0 chaleur ? Le num\u00e9ro de s\u00e9rie se trouve \u00e0 l\u2019arri\u00e8re de votre machine, sur la plaque signal\u00e9tique, sous le code barre.\" \/>\n<meta property=\"og:url\" content=\"https:\/\/www.polytropic.com\/de\/suche-nach-notizen\/\" \/>\n<meta property=\"og:site_name\" content=\"POLYTROPIC\" \/>\n<meta property=\"article:modified_time\" content=\"2026-03-18T09:02:04+00:00\" \/>\n<meta property=\"og:image\" content=\"https:\/\/www.polytropic.com\/wp-content\/uploads\/2025\/09\/Ellipse-51.jpg\" \/>\n\t<meta property=\"og:image:width\" content=\"160\" \/>\n\t<meta property=\"og:image:height\" content=\"160\" \/>\n\t<meta property=\"og:image:type\" content=\"image\/jpeg\" \/>\n<meta name=\"twitter:card\" content=\"summary_large_image\" \/>\n<meta name=\"twitter:label1\" content=\"Gesch\u00e4tzte Lesezeit\" \/>\n\t<meta name=\"twitter:data1\" content=\"1\u00a0Minute\" \/>\n<script type=\"application\/ld+json\" class=\"yoast-schema-graph\">{\"@context\":\"https:\\\/\\\/schema.org\",\"@graph\":[{\"@type\":\"WebPage\",\"@id\":\"https:\\\/\\\/www.polytropic.com\\\/recherche-notices\\\/\",\"url\":\"https:\\\/\\\/www.polytropic.com\\\/recherche-notices\\\/\",\"name\":\"RECHERCHE NOTICES - POLYTROPIC\",\"isPartOf\":{\"@id\":\"https:\\\/\\\/www.polytropic.com\\\/#website\"},\"primaryImageOfPage\":{\"@id\":\"https:\\\/\\\/www.polytropic.com\\\/recherche-notices\\\/#primaryimage\"},\"image\":{\"@id\":\"https:\\\/\\\/www.polytropic.com\\\/recherche-notices\\\/#primaryimage\"},\"thumbnailUrl\":\"https:\\\/\\\/www.polytropic.com\\\/wp-content\\\/uploads\\\/2025\\\/09\\\/Ellipse-51.jpg\",\"datePublished\":\"2025-09-01T12:52:47+00:00\",\"dateModified\":\"2026-03-18T09:02:04+00:00\",\"breadcrumb\":{\"@id\":\"https:\\\/\\\/www.polytropic.com\\\/recherche-notices\\\/#breadcrumb\"},\"inLanguage\":\"de\",\"potentialAction\":[{\"@type\":\"ReadAction\",\"target\":[\"https:\\\/\\\/www.polytropic.com\\\/recherche-notices\\\/\"]}]},{\"@type\":\"ImageObject\",\"inLanguage\":\"de\",\"@id\":\"https:\\\/\\\/www.polytropic.com\\\/recherche-notices\\\/#primaryimage\",\"url\":\"https:\\\/\\\/www.polytropic.com\\\/wp-content\\\/uploads\\\/2025\\\/09\\\/Ellipse-51.jpg\",\"contentUrl\":\"https:\\\/\\\/www.polytropic.com\\\/wp-content\\\/uploads\\\/2025\\\/09\\\/Ellipse-51.jpg\"},{\"@type\":\"BreadcrumbList\",\"@id\":\"https:\\\/\\\/www.polytropic.com\\\/recherche-notices\\\/#breadcrumb\",\"itemListElement\":[{\"@type\":\"ListItem\",\"position\":1,\"name\":\"Accueil\",\"item\":\"https:\\\/\\\/www.polytropic.com\\\/\"},{\"@type\":\"ListItem\",\"position\":2,\"name\":\"RECHERCHE NOTICES\"}]},{\"@type\":\"WebSite\",\"@id\":\"https:\\\/\\\/www.polytropic.com\\\/#website\",\"url\":\"https:\\\/\\\/www.polytropic.com\\\/\",\"name\":\"POLYTROPIC\",\"description\":\"\",\"potentialAction\":[{\"@type\":\"SearchAction\",\"target\":{\"@type\":\"EntryPoint\",\"urlTemplate\":\"https:\\\/\\\/www.polytropic.com\\\/?s={search_term_string}\"},\"query-input\":{\"@type\":\"PropertyValueSpecification\",\"valueRequired\":true,\"valueName\":\"search_term_string\"}}],\"inLanguage\":\"de\"}]}<\/script>\n<!-- \/ Yoast SEO plugin. -->","yoast_head_json":{"title":"RECHERCHE NOTICES - POLYTROPIC","robots":{"index":"index","follow":"follow","max-snippet":"max-snippet:-1","max-image-preview":"max-image-preview:large","max-video-preview":"max-video-preview:-1"},"canonical":"https:\/\/www.polytropic.com\/de\/suche-nach-notizen\/","og_locale":"de_DE","og_type":"article","og_title":"RECHERCHE NOTICES - POLYTROPIC","og_description":"Trouvez votre notice technique Rechercher O\u00f9 trouver le num\u00e9ro de s\u00e9rie de ma pompe \u00e0 chaleur ? Le num\u00e9ro de s\u00e9rie se trouve \u00e0 l\u2019arri\u00e8re de votre machine, sur la plaque signal\u00e9tique, sous le code barre.","og_url":"https:\/\/www.polytropic.com\/de\/suche-nach-notizen\/","og_site_name":"POLYTROPIC","article_modified_time":"2026-03-18T09:02:04+00:00","og_image":[{"width":160,"height":160,"url":"https:\/\/www.polytropic.com\/wp-content\/uploads\/2025\/09\/Ellipse-51.jpg","type":"image\/jpeg"}],"twitter_card":"summary_large_image","twitter_misc":{"Gesch\u00e4tzte Lesezeit":"1\u00a0Minute"},"schema":{"@context":"https:\/\/schema.org","@graph":[{"@type":"WebPage","@id":"https:\/\/www.polytropic.com\/recherche-notices\/","url":"https:\/\/www.polytropic.com\/recherche-notices\/","name":"RECHERCHE NOTICES - POLYTROPIC","isPartOf":{"@id":"https:\/\/www.polytropic.com\/#website"},"primaryImageOfPage":{"@id":"https:\/\/www.polytropic.com\/recherche-notices\/#primaryimage"},"image":{"@id":"https:\/\/www.polytropic.com\/recherche-notices\/#primaryimage"},"thumbnailUrl":"https:\/\/www.polytropic.com\/wp-content\/uploads\/2025\/09\/Ellipse-51.jpg","datePublished":"2025-09-01T12:52:47+00:00","dateModified":"2026-03-18T09:02:04+00:00","breadcrumb":{"@id":"https:\/\/www.polytropic.com\/recherche-notices\/#breadcrumb"},"inLanguage":"de","potentialAction":[{"@type":"ReadAction","target":["https:\/\/www.polytropic.com\/recherche-notices\/"]}]},{"@type":"ImageObject","inLanguage":"de","@id":"https:\/\/www.polytropic.com\/recherche-notices\/#primaryimage","url":"https:\/\/www.polytropic.com\/wp-content\/uploads\/2025\/09\/Ellipse-51.jpg","contentUrl":"https:\/\/www.polytropic.com\/wp-content\/uploads\/2025\/09\/Ellipse-51.jpg"},{"@type":"BreadcrumbList","@id":"https:\/\/www.polytropic.com\/recherche-notices\/#breadcrumb","itemListElement":[{"@type":"ListItem","position":1,"name":"Accueil","item":"https:\/\/www.polytropic.com\/"},{"@type":"ListItem","position":2,"name":"RECHERCHE NOTICES"}]},{"@type":"WebSite","@id":"https:\/\/www.polytropic.com\/#website","url":"https:\/\/www.polytropic.com\/","name":"POLYTROPIC","description":"","potentialAction":[{"@type":"SearchAction","target":{"@type":"EntryPoint","urlTemplate":"https:\/\/www.polytropic.com\/?s={search_term_string}"},"query-input":{"@type":"PropertyValueSpecification","valueRequired":true,"valueName":"search_term_string"}}],"inLanguage":"de"}]}},"_links":{"self":[{"href":"https:\/\/www.polytropic.com\/de\/wp-json\/wp\/v2\/pages\/5132","targetHints":{"allow":["GET"]}}],"collection":[{"href":"https:\/\/www.polytropic.com\/de\/wp-json\/wp\/v2\/pages"}],"about":[{"href":"https:\/\/www.polytropic.com\/de\/wp-json\/wp\/v2\/types\/page"}],"author":[{"embeddable":true,"href":"https:\/\/www.polytropic.com\/de\/wp-json\/wp\/v2\/users\/1"}],"replies":[{"embeddable":true,"href":"https:\/\/www.polytropic.com\/de\/wp-json\/wp\/v2\/comments?post=5132"}],"version-history":[{"count":0,"href":"https:\/\/www.polytropic.com\/de\/wp-json\/wp\/v2\/pages\/5132\/revisions"}],"wp:attachment":[{"href":"https:\/\/www.polytropic.com\/de\/wp-json\/wp\/v2\/media?parent=5132"}],"curies":[{"name":"wp","href":"https:\/\/api.w.org\/{rel}","templated":true}]}}